{"id":56,"date":"2024-04-03T14:58:45","date_gmt":"2024-04-03T21:58:45","guid":{"rendered":"https:\/\/www.portusaludynutricion.org\/?page_id=56"},"modified":"2025-04-22T16:01:29","modified_gmt":"2025-04-22T23:01:29","slug":"conocenos","status":"publish","type":"page","link":"https:\/\/www.portusaludynutricion.org\/en\/conocenos\/","title":{"rendered":"About Us"},"content":{"rendered":"<div data-elementor-type=\"wp-page\" data-elementor-id=\"56\" class=\"elementor elementor-56\" data-elementor-post-type=\"page\">\n\t\t\t\t<div class=\"elementor-element elementor-element-58b5003 e-flex e-con-boxed e-con e-parent\" data-id=\"58b5003\" data-element_type=\"container\" data-settings=\"{&quot;background_background&quot;:&quot;classic&quot;}\">\n\t\t\t\t\t<div class=\"e-con-inner\">\n\t\t\t\t<div class=\"elementor-element elementor-element-8eab299 elementor-widget elementor-widget-heading\" data-id=\"8eab299\" data-element_type=\"widget\" data-widget_type=\"heading.default\">\n\t\t\t\t<div class=\"elementor-widget-container\">\n\t\t\t\t\t<h2 class=\"elementor-heading-title elementor-size-default\">About Us<\/h2>\t\t\t\t<\/div>\n\t\t\t\t<\/div>\n\t\t\t\t\t<\/div>\n\t\t\t\t<\/div>\n\t\t<div class=\"elementor-element elementor-element-5cd6ddb e-flex e-con-boxed e-con e-parent\" data-id=\"5cd6ddb\" data-element_type=\"container\" data-settings=\"{&quot;background_background&quot;:&quot;classic&quot;}\">\n\t\t\t\t\t<div class=\"e-con-inner\">\n\t\t<div class=\"elementor-element elementor-element-378126b e-con-full animated-slow e-flex elementor-invisible e-con e-child\" data-id=\"378126b\" data-element_type=\"container\" data-settings=\"{&quot;background_background&quot;:&quot;classic&quot;,&quot;animation&quot;:&quot;bounceInUp&quot;}\">\n\t\t\t\t<div class=\"elementor-element elementor-element-a1ac679 elementor-widget elementor-widget-heading\" data-id=\"a1ac679\" data-element_type=\"widget\" data-widget_type=\"heading.default\">\n\t\t\t\t<div class=\"elementor-widget-container\">\n\t\t\t\t\t<h2 class=\"elementor-heading-title elementor-size-default\">Our Story<\/h2>\t\t\t\t<\/div>\n\t\t\t\t<\/div>\n\t\t\t\t<div class=\"elementor-element elementor-element-16d8110 elementor-widget elementor-widget-text-editor\" data-id=\"16d8110\" data-element_type=\"widget\" data-widget_type=\"text-editor.default\">\n\t\t\t\t<div class=\"elementor-widget-container\">\n\t\t\t\t\t\t\t\t\t<p>In the context of the importance of diet and nutrition for human health, it is emphasized that issues such as overweight and obesity pose significant risks to global health, increasing the incidence of chronic diseases. In response to this need, we began altruistic initiatives in 2009 in Mexicali Valley, Baja California, and San Luis R\u00edo Colorado, Sonora, aimed at improving the quality of life for families, particularly in rural communities.<\/p><p>En agosto de 2015, se formaliz\u00f3 la instituci\u00f3n POR TU SALUD Y NUTRICI\u00d3N LA.P. con el objetivo de asegurar la continuidad de su misi\u00f3n fundacional. Esta organizaci\u00f3n opera bajo principios altruistas y sin fines de lucro, registrada ante la Junta de Asistencia Privada de Sonora. Su enfoque se centra en proporcionar atenci\u00f3n m\u00e9dica integral especializada y promover la educaci\u00f3n y el diagn\u00f3stico para prevenir, tratar o controlar problemas de salud relacionados con el sobrepeso, la obesidad, la diabetes, la hipertensi\u00f3n y las enfermedades cr\u00f3nico degenerativas.<\/p><p>Furthermore, we collaborate with public and private systems to promote healthy lifestyles through conferences, courses, and workshops. Our institution actively engages collaborators, volunteers, donors, sponsors, and the community at large, distinguished by our professionalism, commitment, and hope to improve the quality of life for those who need it most.<\/p>\t\t\t\t\t\t\t\t<\/div>\n\t\t\t\t<\/div>\n\t\t\t\t<\/div>\n\t\t\t\t\t<\/div>\n\t\t\t\t<\/div>\n\t\t<div class=\"elementor-element elementor-element-3f1203c e-flex e-con-boxed e-con e-parent\" data-id=\"3f1203c\" data-element_type=\"container\">\n\t\t\t\t\t<div class=\"e-con-inner\">\n\t\t<div class=\"elementor-element elementor-element-f9016a7 e-con-full animated-slow e-flex elementor-invisible e-con e-child\" data-id=\"f9016a7\" data-element_type=\"container\" data-settings=\"{&quot;animation&quot;:&quot;bounceInLeft&quot;}\">\n\t\t\t\t<div class=\"elementor-element elementor-element-a58154c elementor-widget elementor-widget-heading\" data-id=\"a58154c\" data-element_type=\"widget\" data-widget_type=\"heading.default\">\n\t\t\t\t<div class=\"elementor-widget-container\">\n\t\t\t\t\t<h2 class=\"elementor-heading-title elementor-size-default\">Would you like to donate?<\/h2>\t\t\t\t<\/div>\n\t\t\t\t<\/div>\n\t\t\t\t<div class=\"elementor-element elementor-element-32cfead elementor-widget elementor-widget-button\" data-id=\"32cfead\" data-element_type=\"widget\" data-widget_type=\"button.default\">\n\t\t\t\t<div class=\"elementor-widget-container\">\n\t\t\t\t\t\t\t\t\t<div class=\"elementor-button-wrapper\">\n\t\t\t\t\t<a class=\"elementor-button elementor-button-link elementor-size-sm\" href=\"https:\/\/www.portusaludynutricion.org\/en\/donaciones\/\">\n\t\t\t\t\t\t<span class=\"elementor-button-content-wrapper\">\n\t\t\t\t\t\t\t\t\t<span class=\"elementor-button-text\">Donate Now<\/span>\n\t\t\t\t\t<\/span>\n\t\t\t\t\t<\/a>\n\t\t\t\t<\/div>\n\t\t\t\t\t\t\t\t<\/div>\n\t\t\t\t<\/div>\n\t\t\t\t<\/div>\n\t\t<div class=\"elementor-element elementor-element-c89b80b e-con-full animated-slow e-flex elementor-invisible e-con e-child\" data-id=\"c89b80b\" data-element_type=\"container\" data-settings=\"{&quot;animation&quot;:&quot;bounceInRight&quot;}\">\n\t\t\t\t<div class=\"elementor-element elementor-element-af20f6a elementor-widget elementor-widget-heading\" data-id=\"af20f6a\" data-element_type=\"widget\" data-widget_type=\"heading.default\">\n\t\t\t\t<div class=\"elementor-widget-container\">\n\t\t\t\t\t<h2 class=\"elementor-heading-title elementor-size-default\">Our Social Media<\/h2>\t\t\t\t<\/div>\n\t\t\t\t<\/div>\n\t\t\t\t<div class=\"elementor-element elementor-element-f6a9372 elementor-widget elementor-widget-heading\" data-id=\"f6a9372\" data-element_type=\"widget\" data-widget_type=\"heading.default\">\n\t\t\t\t<div class=\"elementor-widget-container\">\n\t\t\t\t\t<h2 class=\"elementor-heading-title elementor-size-default\">@portusaludynutricion<\/h2>\t\t\t\t<\/div>\n\t\t\t\t<\/div>\n\t\t\t\t<div class=\"elementor-element elementor-element-292744e elementor-shape-circle elementor-grid-0 e-grid-align-center elementor-widget elementor-widget-social-icons\" data-id=\"292744e\" data-element_type=\"widget\" data-widget_type=\"social-icons.default\">\n\t\t\t\t<div class=\"elementor-widget-container\">\n\t\t\t\t\t\t\t<div class=\"elementor-social-icons-wrapper elementor-grid\">\n\t\t\t\t\t\t\t<span class=\"elementor-grid-item\">\n\t\t\t\t\t<a class=\"elementor-icon elementor-social-icon elementor-social-icon-facebook elementor-repeater-item-d7406ca\" target=\"_blank\">\n\t\t\t\t\t\t<span class=\"elementor-screen-only\">Facebook<\/span>\n\t\t\t\t\t\t<svg class=\"e-font-icon-svg e-fab-facebook\" viewbox=\"0 0 512 512\" xmlns=\"http:\/\/www.w3.org\/2000\/svg\"><path d=\"M504 256C504 119 393 8 256 8S8 119 8 256c0 123.78 90.69 226.38 209.25 245V327.69h-63V256h63v-54.64c0-62.15 37-96.48 93.67-96.48 27.14 0 55.52 4.84 55.52 4.84v61h-31.28c-30.8 0-40.41 19.12-40.41 38.73V256h68.78l-11 71.69h-57.78V501C413.31 482.38 504 379.78 504 256z\"><\/path><\/svg>\t\t\t\t\t<\/a>\n\t\t\t\t<\/span>\n\t\t\t\t\t\t\t<span class=\"elementor-grid-item\">\n\t\t\t\t\t<a class=\"elementor-icon elementor-social-icon elementor-social-icon-instagram elementor-repeater-item-f7be34d\" target=\"_blank\">\n\t\t\t\t\t\t<span class=\"elementor-screen-only\">Instagram<\/span>\n\t\t\t\t\t\t<svg class=\"e-font-icon-svg e-fab-instagram\" viewbox=\"0 0 448 512\" xmlns=\"http:\/\/www.w3.org\/2000\/svg\"><path d=\"M224.1 141c-63.6 0-114.9 51.3-114.9 114.9s51.3 114.9 114.9 114.9S339 319.5 339 255.9 287.7 141 224.1 141zm0 189.6c-41.1 0-74.7-33.5-74.7-74.7s33.5-74.7 74.7-74.7 74.7 33.5 74.7 74.7-33.6 74.7-74.7 74.7zm146.4-194.3c0 14.9-12 26.8-26.8 26.8-14.9 0-26.8-12-26.8-26.8s12-26.8 26.8-26.8 26.8 12 26.8 26.8zm76.1 27.2c-1.7-35.9-9.9-67.7-36.2-93.9-26.2-26.2-58-34.4-93.9-36.2-37-2.1-147.9-2.1-184.9 0-35.8 1.7-67.6 9.9-93.9 36.1s-34.4 58-36.2 93.9c-2.1 37-2.1 147.9 0 184.9 1.7 35.9 9.9 67.7 36.2 93.9s58 34.4 93.9 36.2c37 2.1 147.9 2.1 184.9 0 35.9-1.7 67.7-9.9 93.9-36.2 26.2-26.2 34.4-58 36.2-93.9 2.1-37 2.1-147.8 0-184.8zM398.8 388c-7.8 19.6-22.9 34.7-42.6 42.6-29.5 11.7-99.5 9-132.1 9s-102.7 2.6-132.1-9c-19.6-7.8-34.7-22.9-42.6-42.6-11.7-29.5-9-99.5-9-132.1s-2.6-102.7 9-132.1c7.8-19.6 22.9-34.7 42.6-42.6 29.5-11.7 99.5-9 132.1-9s102.7-2.6 132.1 9c19.6 7.8 34.7 22.9 42.6 42.6 11.7 29.5 9 99.5 9 132.1s2.7 102.7-9 132.1z\"><\/path><\/svg>\t\t\t\t\t<\/a>\n\t\t\t\t<\/span>\n\t\t\t\t\t\t\t<span class=\"elementor-grid-item\">\n\t\t\t\t\t<a class=\"elementor-icon elementor-social-icon elementor-social-icon-youtube elementor-repeater-item-0144a84\" target=\"_blank\">\n\t\t\t\t\t\t<span class=\"elementor-screen-only\">Youtube<\/span>\n\t\t\t\t\t\t<svg class=\"e-font-icon-svg e-fab-youtube\" viewbox=\"0 0 576 512\" xmlns=\"http:\/\/www.w3.org\/2000\/svg\"><path d=\"M549.655 124.083c-6.281-23.65-24.787-42.276-48.284-48.597C458.781 64 288 64 288 64S117.22 64 74.629 75.486c-23.497 6.322-42.003 24.947-48.284 48.597-11.412 42.867-11.412 132.305-11.412 132.305s0 89.438 11.412 132.305c6.281 23.65 24.787 41.5 48.284 47.821C117.22 448 288 448 288 448s170.78 0 213.371-11.486c23.497-6.321 42.003-24.171 48.284-47.821 11.412-42.867 11.412-132.305 11.412-132.305s0-89.438-11.412-132.305zm-317.51 213.508V175.185l142.739 81.205-142.739 81.201z\"><\/path><\/svg>\t\t\t\t\t<\/a>\n\t\t\t\t<\/span>\n\t\t\t\t\t<\/div>\n\t\t\t\t\t\t<\/div>\n\t\t\t\t<\/div>\n\t\t\t\t<\/div>\n\t\t\t\t\t<\/div>\n\t\t\t\t<\/div>\n\t\t<div class=\"elementor-element elementor-element-a063973 e-con-full animated-slow e-flex elementor-invisible e-con e-parent\" data-id=\"a063973\" data-element_type=\"container\" data-settings=\"{&quot;background_background&quot;:&quot;classic&quot;,&quot;animation&quot;:&quot;bounce&quot;}\">\n\t\t<div class=\"elementor-element elementor-element-a100326 animated-slow e-flex e-con-boxed e-con e-child\" data-id=\"a100326\" data-element_type=\"container\" data-settings=\"{&quot;background_background&quot;:&quot;classic&quot;,&quot;animation&quot;:&quot;none&quot;}\">\n\t\t\t\t\t<div class=\"e-con-inner\">\n\t\t<div class=\"elementor-element elementor-element-5dae2c8 e-con-full e-flex e-con e-child\" data-id=\"5dae2c8\" data-element_type=\"container\">\n\t\t\t\t<div class=\"elementor-element elementor-element-e4c4c42 elementor-widget elementor-widget-heading\" data-id=\"e4c4c42\" data-element_type=\"widget\" data-widget_type=\"heading.default\">\n\t\t\t\t<div class=\"elementor-widget-container\">\n\t\t\t\t\t<h2 class=\"elementor-heading-title elementor-size-default\">Social Purpose<\/h2>\t\t\t\t<\/div>\n\t\t\t\t<\/div>\n\t\t\t\t<\/div>\n\t\t\t\t<div class=\"elementor-element elementor-element-0782138 elementor-widget elementor-widget-text-editor\" data-id=\"0782138\" data-element_type=\"widget\" data-widget_type=\"text-editor.default\">\n\t\t\t\t<div class=\"elementor-widget-container\">\n\t\t\t\t\t\t\t\t\t<p>Provide comprehensive, specialized medical care of quality, and to promote education, training, development, and diagnosis aimed at preventing, addressing, or managing health issues such as diabetes, hypertension, obesity, and related ailments.<\/p>\t\t\t\t\t\t\t\t<\/div>\n\t\t\t\t<\/div>\n\t\t\t\t<div class=\"elementor-element elementor-element-2f37eb5 elementor-widget elementor-widget-image\" data-id=\"2f37eb5\" data-element_type=\"widget\" data-widget_type=\"image.default\">\n\t\t\t\t<div class=\"elementor-widget-container\">\n\t\t\t\t\t\t\t\t\t\t\t\t\t\t\t<img fetchpriority=\"high\" decoding=\"async\" width=\"800\" height=\"602\" src=\"https:\/\/www.portusaludynutricion.org\/wp-content\/uploads\/2025\/03\/IMG_20240502_095457768_MFNR-1024x771.jpg\" class=\"attachment-large size-large wp-image-717\" alt=\"\" srcset=\"https:\/\/www.portusaludynutricion.org\/wp-content\/uploads\/2025\/03\/IMG_20240502_095457768_MFNR-1024x771.jpg 1024w, https:\/\/www.portusaludynutricion.org\/wp-content\/uploads\/2025\/03\/IMG_20240502_095457768_MFNR-300x226.jpg 300w, https:\/\/www.portusaludynutricion.org\/wp-content\/uploads\/2025\/03\/IMG_20240502_095457768_MFNR-768x578.jpg 768w, https:\/\/www.portusaludynutricion.org\/wp-content\/uploads\/2025\/03\/IMG_20240502_095457768_MFNR-1536x1157.jpg 1536w, https:\/\/www.portusaludynutricion.org\/wp-content\/uploads\/2025\/03\/IMG_20240502_095457768_MFNR-2048x1542.jpg 2048w, https:\/\/www.portusaludynutricion.org\/wp-content\/uploads\/2025\/03\/IMG_20240502_095457768_MFNR-16x12.jpg 16w\" sizes=\"(max-width: 800px) 100vw, 800px\" \/>\t\t\t\t\t\t\t\t\t\t\t\t\t\t\t<\/div>\n\t\t\t\t<\/div>\n\t\t\t\t\t<\/div>\n\t\t\t\t<\/div>\n\t\t<div class=\"elementor-element elementor-element-a98676b animated-slow e-flex e-con-boxed e-con e-child\" data-id=\"a98676b\" data-element_type=\"container\" data-settings=\"{&quot;background_background&quot;:&quot;classic&quot;,&quot;animation&quot;:&quot;none&quot;}\">\n\t\t\t\t\t<div class=\"e-con-inner\">\n\t\t<div class=\"elementor-element elementor-element-bf24519 e-con-full e-flex e-con e-child\" data-id=\"bf24519\" data-element_type=\"container\">\n\t\t\t\t<div class=\"elementor-element elementor-element-972d970 elementor-widget elementor-widget-heading\" data-id=\"972d970\" data-element_type=\"widget\" data-widget_type=\"heading.default\">\n\t\t\t\t<div class=\"elementor-widget-container\">\n\t\t\t\t\t<h2 class=\"elementor-heading-title elementor-size-default\">Mission<\/h2>\t\t\t\t<\/div>\n\t\t\t\t<\/div>\n\t\t\t\t<\/div>\n\t\t\t\t<div class=\"elementor-element elementor-element-90e4237 elementor-widget elementor-widget-text-editor\" data-id=\"90e4237\" data-element_type=\"widget\" data-widget_type=\"text-editor.default\">\n\t\t\t\t<div class=\"elementor-widget-container\">\n\t\t\t\t\t\t\t\t\t<p>Offer quality services responsibly for the integral social well-being of Mexican families, providing accessible health services that promote prevention, detection, diagnosis, and timely treatment of diseases, ensuring the right to health, and sustaining our activities independently.<\/p>\t\t\t\t\t\t\t\t<\/div>\n\t\t\t\t<\/div>\n\t\t\t\t<div class=\"elementor-element elementor-element-d6bc369 elementor-widget elementor-widget-image\" data-id=\"d6bc369\" data-element_type=\"widget\" data-widget_type=\"image.default\">\n\t\t\t\t<div class=\"elementor-widget-container\">\n\t\t\t\t\t\t\t\t\t\t\t\t\t\t\t<img decoding=\"async\" width=\"800\" height=\"600\" src=\"https:\/\/www.portusaludynutricion.org\/wp-content\/uploads\/2025\/04\/20180818_070637-1024x768.jpg\" class=\"attachment-large size-large wp-image-771\" alt=\"\" srcset=\"https:\/\/www.portusaludynutricion.org\/wp-content\/uploads\/2025\/04\/20180818_070637-1024x768.jpg 1024w, https:\/\/www.portusaludynutricion.org\/wp-content\/uploads\/2025\/04\/20180818_070637-300x225.jpg 300w, https:\/\/www.portusaludynutricion.org\/wp-content\/uploads\/2025\/04\/20180818_070637-768x576.jpg 768w, https:\/\/www.portusaludynutricion.org\/wp-content\/uploads\/2025\/04\/20180818_070637-1536x1152.jpg 1536w, https:\/\/www.portusaludynutricion.org\/wp-content\/uploads\/2025\/04\/20180818_070637-2048x1536.jpg 2048w, https:\/\/www.portusaludynutricion.org\/wp-content\/uploads\/2025\/04\/20180818_070637-16x12.jpg 16w\" sizes=\"(max-width: 800px) 100vw, 800px\" \/>\t\t\t\t\t\t\t\t\t\t\t\t\t\t\t<\/div>\n\t\t\t\t<\/div>\n\t\t\t\t\t<\/div>\n\t\t\t\t<\/div>\n\t\t<div class=\"elementor-element elementor-element-3018ea4 animated-slow e-flex e-con-boxed e-con e-child\" data-id=\"3018ea4\" data-element_type=\"container\" data-settings=\"{&quot;background_background&quot;:&quot;classic&quot;,&quot;animation&quot;:&quot;none&quot;}\">\n\t\t\t\t\t<div class=\"e-con-inner\">\n\t\t<div class=\"elementor-element elementor-element-b28916a e-con-full e-flex e-con e-child\" data-id=\"b28916a\" data-element_type=\"container\">\n\t\t\t\t<div class=\"elementor-element elementor-element-f8ff5af elementor-widget elementor-widget-heading\" data-id=\"f8ff5af\" data-element_type=\"widget\" data-widget_type=\"heading.default\">\n\t\t\t\t<div class=\"elementor-widget-container\">\n\t\t\t\t\t<h2 class=\"elementor-heading-title elementor-size-default\">Vision<\/h2>\t\t\t\t<\/div>\n\t\t\t\t<\/div>\n\t\t\t\t<\/div>\n\t\t\t\t<div class=\"elementor-element elementor-element-a2a16fd elementor-widget elementor-widget-text-editor\" data-id=\"a2a16fd\" data-element_type=\"widget\" data-widget_type=\"text-editor.default\">\n\t\t\t\t<div class=\"elementor-widget-container\">\n\t\t\t\t\t\t\t\t\t<p>Being a social institution that promotes comprehensive health prevention for families, providing care and services to achieve a healthy, dignified, and quality life.<\/p>\t\t\t\t\t\t\t\t<\/div>\n\t\t\t\t<\/div>\n\t\t\t\t<div class=\"elementor-element elementor-element-aea3627 elementor-widget elementor-widget-image\" data-id=\"aea3627\" data-element_type=\"widget\" data-widget_type=\"image.default\">\n\t\t\t\t<div class=\"elementor-widget-container\">\n\t\t\t\t\t\t\t\t\t\t\t\t\t\t\t<img decoding=\"async\" width=\"627\" height=\"471\" src=\"https:\/\/www.portusaludynutricion.org\/wp-content\/uploads\/2025\/04\/Glucosa_3.jpg\" class=\"attachment-large size-large wp-image-773\" alt=\"\" srcset=\"https:\/\/www.portusaludynutricion.org\/wp-content\/uploads\/2025\/04\/Glucosa_3.jpg 627w, https:\/\/www.portusaludynutricion.org\/wp-content\/uploads\/2025\/04\/Glucosa_3-300x225.jpg 300w, https:\/\/www.portusaludynutricion.org\/wp-content\/uploads\/2025\/04\/Glucosa_3-16x12.jpg 16w\" sizes=\"(max-width: 627px) 100vw, 627px\" \/>\t\t\t\t\t\t\t\t\t\t\t\t\t\t\t<\/div>\n\t\t\t\t<\/div>\n\t\t\t\t\t<\/div>\n\t\t\t\t<\/div>\n\t\t<div class=\"elementor-element elementor-element-05cb80b animated-slow e-flex e-con-boxed e-con e-child\" data-id=\"05cb80b\" data-element_type=\"container\" data-settings=\"{&quot;background_background&quot;:&quot;classic&quot;,&quot;animation&quot;:&quot;none&quot;}\">\n\t\t\t\t\t<div class=\"e-con-inner\">\n\t\t<div class=\"elementor-element elementor-element-6448c77 e-con-full e-flex e-con e-child\" data-id=\"6448c77\" data-element_type=\"container\">\n\t\t\t\t<div class=\"elementor-element elementor-element-517d426 elementor-widget elementor-widget-heading\" data-id=\"517d426\" data-element_type=\"widget\" data-widget_type=\"heading.default\">\n\t\t\t\t<div class=\"elementor-widget-container\">\n\t\t\t\t\t<h2 class=\"elementor-heading-title elementor-size-default\">Values<\/h2>\t\t\t\t<\/div>\n\t\t\t\t<\/div>\n\t\t\t\t<\/div>\n\t\t\t\t<div class=\"elementor-element elementor-element-854ded6 elementor-widget elementor-widget-text-editor\" data-id=\"854ded6\" data-element_type=\"widget\" data-widget_type=\"text-editor.default\">\n\t\t\t\t<div class=\"elementor-widget-container\">\n\t\t\t\t\t\t\t\t\t<ul><li>Service-oriented and solidarity-driven attitude.<\/li><li>Honesty and transparency.<\/li><li>Responsibility and commitment.<\/li><li>Respect and equity.<\/li><\/ul>\t\t\t\t\t\t\t\t<\/div>\n\t\t\t\t<\/div>\n\t\t\t\t<div class=\"elementor-element elementor-element-18fa525 elementor-widget elementor-widget-image\" data-id=\"18fa525\" data-element_type=\"widget\" data-widget_type=\"image.default\">\n\t\t\t\t<div class=\"elementor-widget-container\">\n\t\t\t\t\t\t\t\t\t\t\t\t\t\t\t<img loading=\"lazy\" decoding=\"async\" width=\"800\" height=\"570\" src=\"https:\/\/www.portusaludynutricion.org\/wp-content\/uploads\/2025\/04\/Mujeres-Divinas-2023-1024x729.png\" class=\"attachment-large size-large wp-image-774\" alt=\"\" srcset=\"https:\/\/www.portusaludynutricion.org\/wp-content\/uploads\/2025\/04\/Mujeres-Divinas-2023-1024x729.png 1024w, https:\/\/www.portusaludynutricion.org\/wp-content\/uploads\/2025\/04\/Mujeres-Divinas-2023-300x214.png 300w, https:\/\/www.portusaludynutricion.org\/wp-content\/uploads\/2025\/04\/Mujeres-Divinas-2023-768x547.png 768w, https:\/\/www.portusaludynutricion.org\/wp-content\/uploads\/2025\/04\/Mujeres-Divinas-2023-18x12.png 18w, https:\/\/www.portusaludynutricion.org\/wp-content\/uploads\/2025\/04\/Mujeres-Divinas-2023.png 1436w\" sizes=\"(max-width: 800px) 100vw, 800px\" \/>\t\t\t\t\t\t\t\t\t\t\t\t\t\t\t<\/div>\n\t\t\t\t<\/div>\n\t\t\t\t\t<\/div>\n\t\t\t\t<\/div>\n\t\t\t\t<\/div>\n\t\t<div class=\"elementor-element elementor-element-218abdc e-flex e-con-boxed e-con e-parent\" data-id=\"218abdc\" data-element_type=\"container\">\n\t\t\t\t\t<div class=\"e-con-inner\">\n\t\t\t\t<div class=\"elementor-element elementor-element-d5c8c54 animated-slow elementor-invisible elementor-widget elementor-widget-heading\" data-id=\"d5c8c54\" data-element_type=\"widget\" data-settings=\"{&quot;_animation&quot;:&quot;bounce&quot;}\" data-widget_type=\"heading.default\">\n\t\t\t\t<div class=\"elementor-widget-container\">\n\t\t\t\t\t<h2 class=\"elementor-heading-title elementor-size-default\">Organizational Structure<\/h2>\t\t\t\t<\/div>\n\t\t\t\t<\/div>\n\t\t\t\t\t<\/div>\n\t\t\t\t<\/div>\n\t\t<div class=\"elementor-element elementor-element-10b211a animated-slow e-flex e-con-boxed elementor-invisible e-con e-parent\" data-id=\"10b211a\" data-element_type=\"container\" data-settings=\"{&quot;animation&quot;:&quot;bounce&quot;}\">\n\t\t\t\t\t<div class=\"e-con-inner\">\n\t\t<div class=\"elementor-element elementor-element-16aef9c e-con-full animated-slow e-flex e-con e-child\" data-id=\"16aef9c\" data-element_type=\"container\" data-settings=\"{&quot;animation&quot;:&quot;none&quot;}\">\n\t\t\t\t<div class=\"elementor-element elementor-element-dada687 elementor-widget elementor-widget-image\" data-id=\"dada687\" data-element_type=\"widget\" data-widget_type=\"image.default\">\n\t\t\t\t<div class=\"elementor-widget-container\">\n\t\t\t\t\t\t\t\t\t\t\t\t\t\t\t<img loading=\"lazy\" decoding=\"async\" width=\"437\" height=\"546\" src=\"https:\/\/www.portusaludynutricion.org\/wp-content\/uploads\/2024\/06\/2.png\" class=\"attachment-large size-large wp-image-256\" alt=\"\" srcset=\"https:\/\/www.portusaludynutricion.org\/wp-content\/uploads\/2024\/06\/2.png 437w, https:\/\/www.portusaludynutricion.org\/wp-content\/uploads\/2024\/06\/2-240x300.png 240w\" sizes=\"(max-width: 437px) 100vw, 437px\" \/>\t\t\t\t\t\t\t\t\t\t\t\t\t\t\t<\/div>\n\t\t\t\t<\/div>\n\t\t\t\t<div class=\"elementor-element elementor-element-56efd91 elementor-widget elementor-widget-heading\" data-id=\"56efd91\" data-element_type=\"widget\" data-widget_type=\"heading.default\">\n\t\t\t\t<div class=\"elementor-widget-container\">\n\t\t\t\t\t<h2 class=\"elementor-heading-title elementor-size-default\">Lic. alma rosa morales maza<\/h2>\t\t\t\t<\/div>\n\t\t\t\t<\/div>\n\t\t\t\t<\/div>\n\t\t<div class=\"elementor-element elementor-element-7183e5c e-con-full animated-slow e-flex e-con e-child\" data-id=\"7183e5c\" data-element_type=\"container\" data-settings=\"{&quot;animation&quot;:&quot;none&quot;}\">\n\t\t\t\t<div class=\"elementor-element elementor-element-c06c217 elementor-widget elementor-widget-image\" data-id=\"c06c217\" data-element_type=\"widget\" data-widget_type=\"image.default\">\n\t\t\t\t<div class=\"elementor-widget-container\">\n\t\t\t\t\t\t\t\t\t\t\t\t\t\t\t<img loading=\"lazy\" decoding=\"async\" width=\"437\" height=\"546\" src=\"https:\/\/www.portusaludynutricion.org\/wp-content\/uploads\/2024\/06\/1.png\" class=\"attachment-large size-large wp-image-255\" alt=\"\" srcset=\"https:\/\/www.portusaludynutricion.org\/wp-content\/uploads\/2024\/06\/1.png 437w, https:\/\/www.portusaludynutricion.org\/wp-content\/uploads\/2024\/06\/1-240x300.png 240w\" sizes=\"(max-width: 437px) 100vw, 437px\" \/>\t\t\t\t\t\t\t\t\t\t\t\t\t\t\t<\/div>\n\t\t\t\t<\/div>\n\t\t\t\t<div class=\"elementor-element elementor-element-5d3515d elementor-widget elementor-widget-heading\" data-id=\"5d3515d\" data-element_type=\"widget\" data-widget_type=\"heading.default\">\n\t\t\t\t<div class=\"elementor-widget-container\">\n\t\t\t\t\t<h2 class=\"elementor-heading-title elementor-size-default\">Dr. Sc. Antonio morales maza<\/h2>\t\t\t\t<\/div>\n\t\t\t\t<\/div>\n\t\t\t\t<\/div>\n\t\t<div class=\"elementor-element elementor-element-d2ff35f e-con-full animated-slow e-flex e-con e-child\" data-id=\"d2ff35f\" data-element_type=\"container\" data-settings=\"{&quot;animation&quot;:&quot;none&quot;}\">\n\t\t\t\t<div class=\"elementor-element elementor-element-ba074e5 elementor-widget elementor-widget-image\" data-id=\"ba074e5\" data-element_type=\"widget\" data-widget_type=\"image.default\">\n\t\t\t\t<div class=\"elementor-widget-container\">\n\t\t\t\t\t\t\t\t\t\t\t\t\t\t\t<img loading=\"lazy\" decoding=\"async\" width=\"437\" height=\"546\" src=\"https:\/\/www.portusaludynutricion.org\/wp-content\/uploads\/2024\/06\/3.png\" class=\"attachment-large size-large wp-image-257\" alt=\"\" srcset=\"https:\/\/www.portusaludynutricion.org\/wp-content\/uploads\/2024\/06\/3.png 437w, https:\/\/www.portusaludynutricion.org\/wp-content\/uploads\/2024\/06\/3-240x300.png 240w\" sizes=\"(max-width: 437px) 100vw, 437px\" \/>\t\t\t\t\t\t\t\t\t\t\t\t\t\t\t<\/div>\n\t\t\t\t<\/div>\n\t\t\t\t<div class=\"elementor-element elementor-element-e810d10 elementor-widget elementor-widget-heading\" data-id=\"e810d10\" data-element_type=\"widget\" data-widget_type=\"heading.default\">\n\t\t\t\t<div class=\"elementor-widget-container\">\n\t\t\t\t\t<h2 class=\"elementor-heading-title elementor-size-default\">Dra. Lourdes Cervantes D\u00edaz<\/h2>\t\t\t\t<\/div>\n\t\t\t\t<\/div>\n\t\t\t\t<\/div>\n\t\t\t\t\t<\/div>\n\t\t\t\t<\/div>\n\t\t\t\t<\/div>","protected":false},"excerpt":{"rendered":"<p>Con\u00f3cenos Nuestra historia En el contexto de la importancia de la alimentaci\u00f3n y la nutrici\u00f3n para la salud humana, se destaca que problemas como el sobrepeso y la obesidad representan riesgos significativos para la salud global, aumentando la incidencia de enfermedades cr\u00f3nicas. En respuesta a esta necesidad, en 2009 comenzaron iniciativas altruistas en el Valle [&hellip;]<\/p>","protected":false},"author":1,"featured_media":0,"parent":0,"menu_order":0,"comment_status":"closed","ping_status":"closed","template":"elementor_header_footer","meta":{"footnotes":""},"class_list":["post-56","page","type-page","status-publish","hentry"],"_links":{"self":[{"href":"https:\/\/www.portusaludynutricion.org\/en\/wp-json\/wp\/v2\/pages\/56","targetHints":{"allow":["GET"]}}],"collection":[{"href":"https:\/\/www.portusaludynutricion.org\/en\/wp-json\/wp\/v2\/pages"}],"about":[{"href":"https:\/\/www.portusaludynutricion.org\/en\/wp-json\/wp\/v2\/types\/page"}],"author":[{"embeddable":true,"href":"https:\/\/www.portusaludynutricion.org\/en\/wp-json\/wp\/v2\/users\/1"}],"replies":[{"embeddable":true,"href":"https:\/\/www.portusaludynutricion.org\/en\/wp-json\/wp\/v2\/comments?post=56"}],"version-history":[{"count":82,"href":"https:\/\/www.portusaludynutricion.org\/en\/wp-json\/wp\/v2\/pages\/56\/revisions"}],"predecessor-version":[{"id":777,"href":"https:\/\/www.portusaludynutricion.org\/en\/wp-json\/wp\/v2\/pages\/56\/revisions\/777"}],"wp:attachment":[{"href":"https:\/\/www.portusaludynutricion.org\/en\/wp-json\/wp\/v2\/media?parent=56"}],"curies":[{"name":"wp","href":"https:\/\/api.w.org\/{rel}","templated":true}]}}